{"id":4,"date":"2022-07-19T17:59:49","date_gmt":"2022-07-19T17:59:49","guid":{"rendered":"http:\/\/www.jrqsistemas.com\/?page_id=4"},"modified":"2024-02-20T03:03:06","modified_gmt":"2024-02-20T03:03:06","slug":"one-page-express","status":"publish","type":"page","link":"https:\/\/www.jrqsistemas.com\/","title":{"rendered":"Home"},"content":{"rendered":"<div  data-label=\"Soluciones\" data-id=\"features-square-image-section\" data-category=\"features\" class=\"features-square-image-section\" id=\"soluciones\" style=\"background-color: rgb(255, 255, 255);\">\n<div  class=\"gridContainer dynamic-color\">\n<div  class=\"features-square-image-textrow\">\n<div  class=\"features-square-image-textcol\" data-type=\"column\">\n<h2  class=\"\">Hacemos tus Espacios Inteligentes<\/h2>\n<p  class=\"\">En JRQSistemas ofrecemos siempre las mejores soluciones, para tu hogar, oficina o negocio para brindarles a nuestros clientes una experiencia de confort, control y tecnolog\u00eda. Junto con los especialistas y expertos brindamos soluciones a las medidas deseadas.<\/p>\n\n\n<\/div>\n<\/div>\n<div  class=\"features-square-image-innerrow\" data-type=\"row\">\n<div  class=\"features-square-image-featcol cp6cols-tablet cp4cols\"><img  decoding=\"async\" class=\"features-square-image-featimg\" src=\"http:\/\/www.jrqsistemas.com\/wp-content\/uploads\/2022\/07\/R-41SA-Surround-2-BLK-GNM.jpg\" alt=\"\">\n<h4  class=\"\">Audio &amp; Video<\/h4>\n<p  class=\"\">Entretenimiento es la palabra clave para nuestros proyectos, ya sea con un Home Theater en tu Sala de TV, o tener tu propio Cine con la m\u00e1s alta tecnolog\u00eda del Dolby Atmos y resoluciones en 4K y 8K, o mejor a\u00fan tener una distribuci\u00f3n de audio y video ambiental, con los servicios de streaming actuales como Spotify, Apple Music, Amazon Music, Deezer, Etc.<\/p>\n\n\n<\/div>\n<div  class=\"features-square-image-featcol cp6cols-tablet cp4cols\"><img  decoding=\"async\" class=\"features-square-image-featimg\" src=\"http:\/\/www.jrqsistemas.com\/wp-content\/uploads\/2022\/07\/61b8526dcdb32.jpg\" alt=\"\">\n<h4  class=\"\">Automatizaci\u00f3n &amp; Control<\/h4>\n<p  class=\"\">Disfruta de un Control total de tu casa, oficina o negocio desde cualquier dispositivo y desde cualquier parte del mundo con una conexi\u00f3n a internet. Ten el control y ajuste de la Iluminacion, activa las escenas preestablecidas, haz uso de las botoneras, controles y pantallas t\u00e1ctiles para tener el control total de tu sistema de automatizaci\u00f3n. Deja que tu hogar y tu oficina hagan las tareas rutinarias por ti. Olvidarte de lo cotidiano y dejar que el sistema lo haga por ti.<\/p>\n\n\n<\/div>\n<div  class=\"features-square-image-featcol cp6cols-tablet cp4cols\"><img  decoding=\"async\" class=\"features-square-image-featimg\" src=\"http:\/\/www.jrqsistemas.com\/wp-content\/uploads\/2022\/07\/WiFi6.gif\" alt=\"\">\n<h4  class=\"\">Voz &amp; Datos<\/h4>\n<p  class=\"\">El Internet hoy en d\u00eda es lo mas importante e indispensable para una persona, que mejor que tener una buena infraestructura en el lugar que desees, con una Red de WIFI y Telefon\u00eda An\u00e1loga o IP. El cableado estructurado es una parte esencial para una mejor experiencia y eficiencia de los equipos para obtener un confort y tranquilidad de que siempre estar\u00e1s conectado y sin&nbsp;interrupciones.<\/p>\n\n\n<\/div>\n<div  class=\"features-square-image-featcol cp6cols-tablet cp4cols\"><img  decoding=\"async\" class=\"features-square-image-featimg\" src=\"http:\/\/www.jrqsistemas.com\/wp-content\/uploads\/2022\/07\/camaras.jpg\" alt=\"\">\n<h4  class=\"\">Seguridad CCTV<\/h4>\n<p  class=\"\">La seguridad es un tema que a todos nos preocupa, es por ello que integramos soluciones de Alarmas, Control de Acceso, C\u00e1maras CCTV, Detecci\u00f3n de Temperatura Corporal y Videoporteros a nuestros proyectos en base a las necesidades del cliente. Contamos con sistemas de monitoreo, sensores de movimiento, de agua, de humo, biom\u00e9tricos, nos enfocamos en proteger lo m\u00e1s valioso para ti, instalando c\u00e1maras para exteriores, interiores, invisibles, sensibles a la temperatura, al movimiento, etc. Todas las soluciones de seguridad integradas a un sistema completo de automatizaci\u00f3n.<\/p>\n\n\n<\/div>\n<div  class=\"features-square-image-featcol cp6cols-tablet cp4cols\"><img  decoding=\"async\" class=\"features-square-image-featimg\" src=\"http:\/\/www.jrqsistemas.com\/wp-content\/uploads\/2022\/07\/Cortinas-y-Persianas-Motorizadas-SOMFY.webp\" alt=\"\">\n<h4  class=\"\">Persianas &amp; Cortinas<\/h4>\n<p  class=\"\">Para que tu estancia sea m\u00e1s c\u00f3moda, y tus espacios est\u00e9n llenos de luz o tener la privacidad que requieras en cualquier momento, podemos dise\u00f1ar y dar el toque de interiorismo que sea necesario para tu d\u00eda a d\u00eda, adem\u00e1s de disfrutar del control total con el sistema automatizado, por escenas de horario, sensores, o alguna programaci\u00f3n personalizada.  Despreoc\u00fapate por completo de bajar y subir las persianas de alguna zona de tu hogar u oficina, todo lo puedes tener y controlar en cualquier parte que desees.<\/p>\n\n\n<\/div>\n<div  class=\"features-square-image-featcol cp6cols-tablet cp4cols\"><img  decoding=\"async\" class=\"features-square-image-featimg\" src=\"http:\/\/www.jrqsistemas.com\/wp-content\/uploads\/2023\/02\/5f3a79d7ffa55b3.jpg\" alt=\"\">\n<h4  class=\"\">Control por Asistentes de Voz<\/h4>\n<p  class=\"\">Tu casa, oficina o negocio te escucha, pr\u00e1cticamente puedes controlar todo tu sistema con tu voz. Con los sistemas de Voz como Alexa y Google puedes controlar espec\u00edficamente algunos dispositivos simult\u00e1neamente o toda tu casa. El control por voz es una forma f\u00e1cil y conveniente para que cualquier persona en tu casa interact\u00fae con tu hogar. Los comandos son simples y naturales, por ejemplo: \u201cAlexa, aten\u00faa las luces de la cocina al 45%\u201d o \u201cOK Google, enciende el Sky del Cine\u201d. La forma m\u00e1s f\u00e1cil y sencilla de tener el control de tu sistema.<\/p>\n\n\n<\/div>\n<div  class=\"features-square-image-featcol cp6cols-tablet cp4cols\"><img  decoding=\"async\" class=\"features-square-image-featimg\" src=\"http:\/\/www.jrqsistemas.com\/wp-content\/uploads\/2022\/07\/ingenieria-mecanica-iddtek.jpg\" alt=\"\">\n<h4  class=\"\">Ingenieria<\/h4>\n<p  class=\"\">Contamos con la experiencia y las capacidades para el desarrollo de un proyecto, con la presentacion de planos y dise\u00f1os para las soluciones y las necesidades que cada proyecto requiera. Se abarcan temas de sembrados y trayectorias por medio de AUTOCAD, para tener una vizualuacion de todos los puntos para la mejor optimizacion del sistemas.<\/p>\n\n\n<\/div><div  class=\"features-square-image-featcol cp6cols-tablet cp4cols\">\n<img  decoding=\"async\" class=\"features-square-image-featimg\" src=\"http:\/\/www.jrqsistemas.com\/wp-content\/uploads\/2022\/07\/61ae69b3dec7250014c17d76_img_features_offline-2-2.jpg\" alt=\"\"><h4  class=\"\">Se\u00f1alizacion Digital<\/h4>\n<p  class=\"\">Soluci\u00f3n de se\u00f1alizaci\u00f3n digital confiable para redes de pantallas de publicidad digital.<br >Inicie y ajuste campa\u00f1as, realice un seguimiento del estado y obtenga estad\u00edsticas actualizadas en cualquier momento y desde cualquier lugar.<\/p>\n\n\n<\/div><div  class=\"features-square-image-featcol cp6cols-tablet cp4cols\"><img  decoding=\"async\" class=\"features-square-image-featimg\" src=\"http:\/\/www.jrqsistemas.com\/wp-content\/uploads\/2022\/07\/iluminacion-1.jpg\" alt=\"\">\n<h4  class=\"\">Iluminacion Inteligente<\/h4>\n<p  class=\"\">Tener hoy en dia una Iluminacion Inteligente en cualquier parte que desees, es el mejor confort y control, ya que puedes tener acceso a ella en cualquier momento que desees y te facilitan su encendido y apagado, atenuaci\u00f3n o incluso cambio de color desde aplicaciones m\u00f3viles. Ademas de tener una ventaja en el ahorro de energia con el control de escenas automatizadas.<\/p>\n\n\n<\/div><\/div>\n<\/div>\n<\/div><div  id=\"control4\" data-label=\"Control4\" data-id=\"cta-blue-section\" data-category=\"cta\" class=\"cta-blue-section\">\n<div  class=\"gridContainer\">\n<div  class=\"flexbox-list flexbox-list-align-center row\">\n<div  class=\"cta-blue-textcol dynamic-color\">\n<h2  class=\"cta-blue-text\"> <b  class=\"element2\">Introduccion a Control4 <\/b><\/h2>\n<\/div>\n<div  class=\"cta-blue-btncol\"> <a class=\"button big yellow dark-text\" href=\"https:\/\/www.youtube.com\/watch?v=dYJHgiC1I5g&amp;t=1s\" target=\"_blank\" rel=\"noopener\"> Smart Home OS3 <\/a><\/div>\n<\/div>\n<\/div>\n<\/div><div  data-label=\"Marcas\" data-id=\"clients-strip-section\" data-category=\"clients\" class=\"clients-strip-section\" id=\"marcas\" style=\"background-color: rgb(255, 255, 255);\">\n<div  class=\"row_187\" data-type=\"row\" data-add-content=\"false\">\n<div  class=\"clients-strip-itemcol cp1cols\">\n<div  class=\"middle_align1\"><a href=\"http:\/\/www.control4.com.mx\" target=\"_blank\" rel=\"noopener\" class=\"\"><img  decoding=\"async\" class=\"clients-strip-itemimg\" src=\"http:\/\/www.jrqsistemas.com\/wp-content\/uploads\/2022\/07\/Control4.jpg\"><\/a><\/div>\n<\/div>\n<div  class=\"clients-strip-itemcol cp1cols\">\n<div  class=\"middle_align1\"><a href=\"https:\/\/www.fibaro.com\/us\" target=\"_blank\" rel=\"noopener\" class=\"\"><img  decoding=\"async\" class=\"clients-strip-itemimg\" src=\"http:\/\/www.jrqsistemas.com\/wp-content\/uploads\/2022\/07\/Fibaro.jpg\"><\/a><\/div>\n<\/div>\n<div  class=\"clients-strip-itemcol cp1cols\">\n<div  class=\"middle_align1\"><a href=\"https:\/\/www.horussmartcontrol.com\" target=\"_blank\" rel=\"noopener\" class=\"\"><img  decoding=\"async\" class=\"clients-strip-itemimg\" src=\"http:\/\/www.jrqsistemas.com\/wp-content\/uploads\/2022\/07\/Horus.jpg\"><\/a><\/div>\n<\/div>\n<div  class=\"clients-strip-itemcol cp1cols\">\n<div  class=\"middle_align1\"><a href=\"https:\/\/www.lutron.com\/en-US\/pages\/default.aspx\" target=\"_blank\" rel=\"noopener\" class=\"\"><img  decoding=\"async\" class=\"clients-strip-itemimg\" src=\"http:\/\/www.jrqsistemas.com\/wp-content\/uploads\/2022\/07\/Lutron.jpg\"><\/a><\/div>\n<\/div>\n<div  class=\"clients-strip-itemcol cp1cols\">\n<div  class=\"middle_align1\"><a href=\"https:\/\/www.somfy.mx\" target=\"_blank\" rel=\"noopener\" class=\"\"><img  decoding=\"async\" class=\"clients-strip-itemimg\" src=\"http:\/\/www.jrqsistemas.com\/wp-content\/uploads\/2022\/07\/Somfy.jpg\"><\/a><\/div>\n<\/div>\n<div  class=\"clients-strip-itemcol cp1cols\">\n<div  class=\"middle_align1\"><a href=\"https:\/\/araknisnetworks.com\" target=\"_blank\" rel=\"noopener\" class=\"\"><img  decoding=\"async\" class=\"clients-strip-itemimg\" src=\"http:\/\/www.jrqsistemas.com\/wp-content\/uploads\/2022\/07\/Araknis.jpg\"><\/a><\/div>\n<\/div>\n<div  class=\"clients-strip-itemcol cp1cols\">\n<div  class=\"middle_align1\"><a href=\"https:\/\/www.ui.com\" target=\"_blank\" rel=\"noopener\" class=\"\"><img  decoding=\"async\" class=\"clients-strip-itemimg\" src=\"http:\/\/www.jrqsistemas.com\/wp-content\/uploads\/2022\/07\/Ubiquiti.jpg\"><\/a><\/div>\n<\/div>\n<div  class=\"clients-strip-itemcol cp1cols\">\n<div  class=\"middle_align1\"><a href=\"https:\/\/www.ovrc.com\" target=\"_blank\" rel=\"noopener\" class=\"\"><img  decoding=\"async\" class=\"clients-strip-itemimg\" src=\"http:\/\/www.jrqsistemas.com\/wp-content\/uploads\/2022\/07\/ovrc-1.jpg\"><\/a><\/div>\n<\/div>\n<div  class=\"clients-strip-itemcol cp1cols\">\n<div  class=\"middle_align1\"><a href=\"https:\/\/www.hikvision.com\/es-la\" target=\"_blank\" rel=\"noopener\" class=\"\"><img  decoding=\"async\" class=\"clients-strip-itemimg\" src=\"http:\/\/www.jrqsistemas.com\/wp-content\/uploads\/2022\/07\/Hikvision.jpg\"><\/a><\/div>\n<\/div>\n<div  class=\"clients-strip-itemcol cp1cols\">\n<div  class=\"middle_align1\"><a href=\"https:\/\/www.dahuasecurity.com\/es\" target=\"_blank\" rel=\"noopener\" class=\"\"><img  decoding=\"async\" class=\"clients-strip-itemimg\" src=\"http:\/\/www.jrqsistemas.com\/wp-content\/uploads\/2022\/07\/Dahua.jpg\"><\/a><\/div>\n<\/div>\n<div  class=\"clients-strip-itemcol cp1cols\">\n<div  class=\"middle_align1\"><a href=\"https:\/\/home.google.com\/welcome\" target=\"_blank\" rel=\"noopener\" class=\"\"><img  decoding=\"async\" class=\"clients-strip-itemimg\" src=\"http:\/\/www.jrqsistemas.com\/wp-content\/uploads\/2022\/07\/Google-Assistant.jpg\"><\/a><\/div>\n<\/div>\n<div  class=\"clients-strip-itemcol cp1cols\">\n<div  class=\"middle_align1\"><a href=\"https:\/\/developer.amazon.com\/es-ES\/alexa\" target=\"_blank\" rel=\"noopener\" class=\"\"><img  decoding=\"async\" class=\"clients-strip-itemimg\" src=\"http:\/\/www.jrqsistemas.com\/wp-content\/uploads\/2022\/07\/Alexa.jpg\"><\/a><\/div>\n<\/div>\n<div  class=\"clients-strip-itemcol cp1cols\">\n<div  class=\"middle_align1\"><a href=\"https:\/\/www.snapav.com\/shop\/en\/snapav\/wattbox\" target=\"_blank\" rel=\"noopener\" class=\"\"><img  decoding=\"async\" class=\"clients-strip-itemimg\" src=\"http:\/\/www.jrqsistemas.com\/wp-content\/uploads\/2022\/07\/WattBox.jpg\"><\/a><\/div>\n<\/div>\n<div  class=\"clients-strip-itemcol cp1cols\">\n<div  class=\"middle_align1\"><a href=\"https:\/\/www.panamax.com\" target=\"_blank\" rel=\"noopener\" class=\"\"><img  decoding=\"async\" class=\"clients-strip-itemimg\" src=\"http:\/\/www.jrqsistemas.com\/wp-content\/uploads\/2022\/07\/Panamax.jpg\"><\/a><\/div>\n<\/div>\n<div  class=\"clients-strip-itemcol cp1cols\">\n<div  class=\"middle_align1\"><a href=\"#\" target=\"_self\" rel=\"noopener\"><img  decoding=\"async\" class=\"clients-strip-itemimg\" src=\"http:\/\/www.jrqsistemas.com\/wp-content\/uploads\/2022\/07\/Binary.jpg\"><\/a><\/div>\n<\/div>\n<div  class=\"clients-strip-itemcol cp1cols\">\n<div  class=\"middle_align1\"><a href=\"https:\/\/www.snapav.com\/shop\/en\/snapav\/strong-racks\" target=\"_blank\" rel=\"noopener\" class=\"\"><img  decoding=\"async\" class=\"clients-strip-itemimg\" src=\"http:\/\/www.jrqsistemas.com\/wp-content\/uploads\/2022\/07\/Strong.jpg\"><\/a><\/div>\n<\/div>\n<div  class=\"clients-strip-itemcol cp1cols\">\n<div  class=\"middle_align1\"><a href=\"https:\/\/www.sonos.com\/es-mx\/home\" target=\"_blank\" rel=\"noopener\" class=\"\"><img  decoding=\"async\" class=\"clients-strip-itemimg\" src=\"http:\/\/www.jrqsistemas.com\/wp-content\/uploads\/2022\/07\/SONOS.jpg\"><\/a><\/div>\n<\/div>\n<div  class=\"clients-strip-itemcol cp1cols\">\n<div  class=\"middle_align1\"><a href=\"https:\/\/www.denon.com\/en-us\" target=\"_blank\" rel=\"noopener\" class=\"\"><img  decoding=\"async\" class=\"clients-strip-itemimg\" src=\"http:\/\/www.jrqsistemas.com\/wp-content\/uploads\/2022\/07\/DENON.jpg\"><\/a><\/div>\n<\/div>\n<div  class=\"clients-strip-itemcol cp1cols\">\n<div  class=\"middle_align1\"><a href=\"https:\/\/www.bose.mx\/es_mx\/index.html\" target=\"_blank\" rel=\"noopener\" class=\"\"><img  decoding=\"async\" class=\"clients-strip-itemimg\" src=\"http:\/\/www.jrqsistemas.com\/wp-content\/uploads\/2022\/07\/BOSE.jpg\"><\/a><\/div>\n<\/div>\n<div  class=\"clients-strip-itemcol cp1cols\">\n<div  class=\"middle_align1\"><a href=\"https:\/\/www.bowerswilkins.com\/en\" target=\"_blank\" rel=\"noopener\" class=\"\"><img  decoding=\"async\" class=\"clients-strip-itemimg\" src=\"http:\/\/www.jrqsistemas.com\/wp-content\/uploads\/2022\/07\/BW.jpg\"><\/a><\/div>\n<\/div>\n<div  class=\"clients-strip-itemcol cp1cols\">\n<div  class=\"middle_align1\"><a href=\"https:\/\/www.revelspeakers.com\" target=\"_blank\" rel=\"noopener\" class=\"\"><img  decoding=\"async\" class=\"clients-strip-itemimg\" src=\"http:\/\/www.jrqsistemas.com\/wp-content\/uploads\/2022\/07\/REVEL.jpg\"><\/a><\/div>\n<\/div>\n<div  class=\"clients-strip-itemcol cp1cols\">\n<div  class=\"middle_align1\"><a href=\"https:\/\/www.marantz.com\/en-gb\" target=\"_blank\" rel=\"noopener\" class=\"\"><img  decoding=\"async\" class=\"clients-strip-itemimg\" src=\"http:\/\/www.jrqsistemas.com\/wp-content\/uploads\/2022\/07\/MARANTZ.jpg\"><\/a><\/div>\n<\/div>\n<div  class=\"clients-strip-itemcol cp1cols\">\n<div  class=\"middle_align1\"><a href=\"https:\/\/www.episodespeakers.com\" target=\"_blank\" rel=\"noopener\" class=\"\"><img  decoding=\"async\" class=\"clients-strip-itemimg\" src=\"http:\/\/www.jrqsistemas.com\/wp-content\/uploads\/2022\/07\/EPISODE.jpg\"><\/a><\/div>\n<\/div>\n<div  class=\"clients-strip-itemcol cp1cols\">\n<div  class=\"middle_align1\"><a href=\"https:\/\/keydigital.org\" target=\"_blank\" rel=\"noopener\" class=\"\"><img  decoding=\"async\" class=\"clients-strip-itemimg\" src=\"http:\/\/www.jrqsistemas.com\/wp-content\/uploads\/2022\/07\/KEY-DIGITAL.jpg\"><\/a><\/div>\n<\/div>\n<\/div>\n<\/div><div  data-label=\"Nosotros\" data-id=\"about-big-images-section\" data-category=\"about\" class=\"about-big-images-section\" id=\"nosotros\" style=\"background-color: rgb(246, 246, 246);\"> <div  class=\"gridContainer\"> <div  class=\"about-big-images-textrow\"> <div  class=\"about-big-images-textcol dynamic-color\" data-type=\"column\"> <h5  class=\"\">\u00a1Quienes Somos!<\/h5> <h3  class=\"\">Imagina tu Casa, Oficina o Negocio Inteligente<\/h3> <p  class=\"\">Creamos las mejores soluciones desde hace m\u00e1s de 20 a\u00f1os, para brindarle a nuestros clientes, una experiencia inigualable con la mayor tecnolog\u00eda, confort, control, mediante nuestros productos y servicios como son: Automatizaci\u00f3n &amp; Control, Iluminaci\u00f3n Inteligente, Seguridad CCTV, Audio &amp; Video, Voz &amp; Datos, Persianas &amp; Cortinas, Control por Voz, Accesos, Alarmas, Amplificacion de Red Celular 3G\/4G\/5G Etc\u2026<br ><br >Estos al Integrarse junto a nuestro profesionalismo y experiencia generamos proyectos a la medida del cliente, los cuales logramos satisfacer todas las expectativas de nuestros clientes. <br ><br >Nuestra empresa est\u00e1 comprometida con el desarrollo y crecimiento de nuestros clientes, por tal raz\u00f3n entendemos de la importancia de que todos los equipos funcionen al 100%, por tal raz\u00f3n contamos con un equipo de Ingenier\u00eda y Soporte T\u00e9cnico dispuestos a resolver cualquier inconveniente que se pueda presentar.<\/p> <a class=\"button blue big\" href=\"https:\/\/wa.me\/message\/3EYYQ5H65O3NM1\" target=\"_blank\" rel=\"noopener\">Cont\u00e1ctanos<\/a> <\/div> <\/div> <\/div> <div  class=\"about-big-images-bottomrow\"> <div  class=\"about-big-images-leftimgcol\"><img  decoding=\"async\" class=\"about-big-images-leftimg\" src=\"http:\/\/www.jrqsistemas.com\/wp-content\/uploads\/2022\/07\/Ingenieria-.jpg\" alt=\"\"> <\/div> <div  class=\"about-big-images-centerimgcol\"><img  decoding=\"async\" class=\"about-big-images-centerimg\" src=\"http:\/\/www.jrqsistemas.com\/wp-content\/uploads\/2022\/07\/mission-vs-vision-t-1.jpg\" alt=\"\"> <\/div> <div  class=\"about-big-images-rightimgcol\"><img  decoding=\"async\" class=\"about-big-images-rightimg\" src=\"http:\/\/www.jrqsistemas.com\/wp-content\/uploads\/2022\/07\/banner-valores.jpg\" alt=\"\"> <\/div> <\/div> <\/div><div  id=\"casa-inteligente\" style=\"background-color: #ffffff;\" data-label=\"Casa Inteligente\" data-id=\"content-image-left\" data-category=\"content\" class=\"content-left-image-section\">\n<div  class=\"\">\n<div  class=\"row\">\n<div  class=\"content-left-image-imgcol\" data-type=\"column\"> <img  decoding=\"async\" src=\"http:\/\/www.jrqsistemas.com\/wp-content\/uploads\/2022\/07\/278383119_3143043609286279_7664618024340086109_n.jpg\" class=\"\" alt=\"\"><\/div>\n<div  class=\"content-left-image-textcol dynamic-color\" data-type=\"column\">\n<h2  class=\"\">\u00bfQu\u00e9 es una casa inteligente?<\/h2>\n<p  class=\"large_text\">Aunque hay muchos productos inteligentes disponibles hoy en d\u00eda, que funcionan en conjunto no se vive la magia de una casa inteligente. Con las diferentes marcas que ofrecemos potenciamos el rendimiento en un sistema que coordina la tecnolog\u00eda de tu casa, sea grande, peque\u00f1a, nueva o vieja, para lograr experiencias completas y brillantes, interacciones que encajan con tu estilo de vida y que son f\u00e1ciles para que tu familia las disfrute. Con un toque, aten\u00faa las luces, reproduce m\u00fasica de alta definici\u00f3n, enciende la calefacci\u00f3n, cierra las puertas y conecta el sistema de seguridad. Comprueba las c\u00e1maras o mira qui\u00e9n llama al timbre, est\u00e9s donde est\u00e9s. Es una experiencia de vida tan inteligente que te preguntar\u00e1s c\u00f3mo has podido vivir sin ella.<\/p>\n \n\n<img  decoding=\"async\" class=\"custom-image\" src=\"http:\/\/www.jrqsistemas.com\/wp-content\/uploads\/2022\/07\/278188337_3140976766159630_6780565743246284475_n.jpg\" alt=\"\"><\/div>\n<\/div>\n<\/div>\n<\/div><div  id=\"numeros\" data-label=\"Numeros\" data-id=\"numbers-section\" data-category=\"numbers\" data-bg=\"transparent\" class=\"numbers-section\" data-parallax-depth=\"20\">\n<div  class=\"gridContainer dynamic-color\">\n<div  class=\"numbers-itemcol\">\n<h2  class=\"numbers-numbertext\">374<\/h2>\n<h3  class=\"numbers-titletext\">PROYECTOS<\/h3>\n<\/div>\n<div  class=\"numbers-itemcol\">\n<h2  class=\"numbers-numbertext\">12973<\/h2>\n<h3  class=\"numbers-titletext\">HORAS PROGRAMADAS<\/h3>\n<\/div>\n<div  class=\"numbers-itemcol-last\">\n<h2  class=\"numbers-numbertext\">+30,000<\/h2>\n<h3  class=\"numbers-titletext\">MARCAS<\/h3>\n<\/div>\n<\/div>\n<\/div>","protected":false},"excerpt":{"rendered":"<p>Hacemos tus Espacios Inteligentes En JRQSistemas ofrecemos siempre las mejores soluciones, para tu hogar, oficina o negocio para brindarles a nuestros clientes una experiencia de confort, control y tecnolog\u00eda. Junto con los especialistas y expertos brindamos soluciones a las medidas deseadas. Audio &amp; Video Entretenimiento es la palabra clave para nuestros proyectos, ya sea con&hellip; <br \/> <a class=\"button small blue\" href=\"https:\/\/www.jrqsistemas.com\/\">Leer m\u00e1s<\/a><\/p>\n","protected":false},"author":1,"featured_media":0,"parent":0,"menu_order":0,"comment_status":"closed","ping_status":"closed","template":"","meta":{"footnotes":""},"class_list":["post-4","page","type-page","status-publish","hentry"],"_links":{"self":[{"href":"https:\/\/www.jrqsistemas.com\/index.php?rest_route=\/wp\/v2\/pages\/4","targetHints":{"allow":["GET"]}}],"collection":[{"href":"https:\/\/www.jrqsistemas.com\/index.php?rest_route=\/wp\/v2\/pages"}],"about":[{"href":"https:\/\/www.jrqsistemas.com\/index.php?rest_route=\/wp\/v2\/types\/page"}],"author":[{"embeddable":true,"href":"https:\/\/www.jrqsistemas.com\/index.php?rest_route=\/wp\/v2\/users\/1"}],"replies":[{"embeddable":true,"href":"https:\/\/www.jrqsistemas.com\/index.php?rest_route=%2Fwp%2Fv2%2Fcomments&post=4"}],"version-history":[{"count":27,"href":"https:\/\/www.jrqsistemas.com\/index.php?rest_route=\/wp\/v2\/pages\/4\/revisions"}],"predecessor-version":[{"id":797,"href":"https:\/\/www.jrqsistemas.com\/index.php?rest_route=\/wp\/v2\/pages\/4\/revisions\/797"}],"wp:attachment":[{"href":"https:\/\/www.jrqsistemas.com\/index.php?rest_route=%2Fwp%2Fv2%2Fmedia&parent=4"}],"curies":[{"name":"wp","href":"https:\/\/api.w.org\/{rel}","templated":true}]}}